{"id":5,"date":"2023-04-06T13:00:41","date_gmt":"2023-04-06T13:00:41","guid":{"rendered":"http:\/\/aktywnaprzemiana.projektymcpspabianice.pl\/?page_id=5"},"modified":"2024-09-06T09:09:47","modified_gmt":"2024-09-06T09:09:47","slug":"o-projekcie","status":"publish","type":"page","link":"http:\/\/aktywnaprzemiana.projektymcpspabianice.pl\/","title":{"rendered":"O projekcie"},"content":{"rendered":"\n<p><strong>Tytu\u0142 projektu:<\/strong> Aktywna przemiana<\/p>\n\n\n\n<p><strong>Numer projektu:<\/strong> FELD.07.05-IP.01-0102\/23<\/p>\n\n\n\n<p><strong>Czas realizacji projektu:<\/strong> 01.04.2024 \u2013 30.06.2026<\/p>\n\n\n\n<p><strong>W<\/strong><strong>arto\u015b\u0107 projektu (ca\u0142kowity koszt projektu): <\/strong>1 975 086,18 z\u0142<\/p>\n\n\n\n<p><strong>Dofinansowanie projektu z UE:<\/strong> 1 876 331,87 z\u0142<\/p>\n\n\n\n<hr class=\"wp-block-separator has-alpha-channel-opacity\"\/>\n\n\n\n<p><strong>W ramach projektu zostan\u0105 zrealizowane nast\u0119puj\u0105ce zadania:<\/strong><\/p>\n\n\n\n<p>Zadanie 1. Praca socjalna, doposa\u017cenie, codzienne funkcjonowanie<\/p>\n\n\n\n<p>&#8211; zrefundowana zostanie 1\/2 etatu pracownika socjalnego<\/p>\n\n\n\n<p>&#8211; wyp\u0142acone zostan\u0105 zasi\u0142ki celowe dla uczestnik\u00f3w projektu<\/p>\n\n\n\n<p>&#8211; doposa\u017cone zostanie stanowisko pracy pracownika socjalnego<\/p>\n\n\n\n<p>&#8211; doposa\u017cenie socjalne uczestnik\u00f3w projektu &#8211; wynajem miejsca realizacji projektu oraz kosztu utrzymania lokalu (lokal zostanie wynaj\u0119ty na potrzeby wszystkich dzia\u0142a\u0144<\/p>\n\n\n\n<p>&#8211; wyb\u00f3r lokalu poprzez zapytanie ofertowe skierowane do min. 3 wynajmuj\u0105cych)<\/p>\n\n\n\n<p>&#8211; zakupione zostan\u0105 bilety\/migawki dla 12 uczestnik\u00f3w ka\u017cdej edycji<\/p>\n\n\n\n<p>&#8211; sfinansowany zostanie obiad dla 12 uczestnik\u00f3w ka\u017cdej edycji<\/p>\n\n\n\n<p>Zadanie 2. Aktywizacja spo\u0142eczna<\/p>\n\n\n\n<p>&#8211; wsparcie uczestnik\u00f3w projektu<\/p>\n\n\n\n<p>&#8211; Trening Kompetencji i Umiej\u0119tno\u015bci Spo\u0142ecznych<\/p>\n\n\n\n<p>&#8211; Porady specjalist\u00f3w<\/p>\n\n\n\n<p>&#8211; Kurs komputerowy na poziomie ECDL BASE<\/p>\n\n\n\n<p>&#8211; Spotkania grupowe ze specjalist\u0105 reintegracji zawodowej &#8211; 1x w mies.spotkanie o charakterze informacyjno-organizacyjnym<\/p>\n\n\n\n<p>Zadanie 3. Aktywizacja spo\u0142eczna<\/p>\n\n\n\n<p>&#8211; dzia\u0142ania na rzecz uczestnik\u00f3w z otoczeniem (szczeg\u00f3lnie z rodzinami)<\/p>\n\n\n\n<p>&#8211; Organizacja wyj\u015b\u0107 kulturalnych<\/p>\n\n\n\n<p>&#8211; Organizacja siedmiodniowego wyjazdu integracyjno-szkoleniowego<\/p>\n\n\n\n<p>&#8211; Zorganizowane zostan\u0105 spotkania \u015bwi\u0105teczne<\/p>\n\n\n\n<p>Zadanie 4. Aktywizacja zawodowa<\/p>\n\n\n\n<p>&#8211; szkolenia i doradztwo zawodowe<\/p>\n\n\n\n<p>&#8211; 36 os\u00f3b podejmie Prace Spo\u0142ecznie U\u017cyteczne<\/p>\n\n\n\n<p>&#8211; 36 os\u00f3b podejmie szkolenia zawodowe<\/p>\n\n\n\n<p>Zadanie 5. Aktywizacja zawodowa<\/p>\n\n\n\n<p>&#8211; sta\u017ce<\/p>\n\n\n\n<p>&#8211; badania lekarskie przed przyst\u0105pieniem do sta\u017cu<\/p>\n\n\n\n<p>&#8211; przeprowadzone zostanie szkolenie bhp dla ka\u017cdego sta\u017cysty<\/p>\n\n\n\n<p>&#8211; zakupiona zostanie odzie\u017c robocza na 5,5 miesi\u0119czny sta\u017c<\/p>\n\n\n\n<p>&#8211; wyp\u0142acane b\u0119d\u0105 stypendia sta\u017cowe<\/p>\n\n\n\n<p><strong>Grupa docelowa:<\/strong><\/p>\n\n\n\n<p>Projekt b\u0119dzie skierowany do 36 os\u00f3b (20K i 16M) &#8211; 12 os\u00f3b na ka\u017cd\u0105 z 3 edycji, zagro\u017conych ub\u00f3stwem i wykluczeniem spo\u0142ecznym, os\u00f3b bezrobotnych zarejestrowanych w PUP, korzystaj\u0105cych ze \u015bwiadcze\u0144 pomocy spo\u0142ecznej, zamieszkuj\u0105cych na terenie miasta Pabianice. Przedzia\u0142 wiekowy grupy docelowej to wiek aktywno\u015bci zawodowej (18-64 r.\u017c). Ka\u017cda osoba z poszczeg\u00f3lnych edycji b\u0119dzie obj\u0119ta wsparciem w postaci us\u0142ug dostosowanych do indywidualnych potrzeb, m.in. wsparciem specjalist\u00f3w &#8211; psychologa, terapeuty ds. uzale\u017cnie\u0144 oraz prawnika. Ka\u017cda osoba b\u0119dzie mia\u0142a zapewniony r\u00f3wny i bezp\u0142atny dost\u0119p do us\u0142ug projektowych. Projekt zapewnia r\u00f3wno\u015b\u0107 szans i niedyskryminacji oraz dost\u0119pno\u015b\u0107 dla os\u00f3b niepe\u0142nosprawnych. R\u00f3wny dost\u0119p kobiet i m\u0119\u017cczyzn zapewnia zgodno\u015b\u0107 projektu z polityk\u0105 r\u00f3wnych szans.<\/p>\n\n\n\n<p><strong>Cel projekt:<\/strong><\/p>\n\n\n\n<p>G\u0142\u00f3wnym celem projektu jest podniesienie pozycji\/kompetencji spo\u0142ecznej i zawodowej \u0142\u0105cznie 36 mieszka\u0144c\u00f3w miasta Pabianice (20K, 16M), bezrobotnych klient\u00f3w systemu pomocy spo\u0142ecznej, zagro\u017conych ub\u00f3stwem i marginalizacj\u0105 spo\u0142eczn\u0105 w okresie 01.04.2024 \u2013 30.06.2026.<\/p>\n\n\n\n<p><strong>Efekty\/rezultaty projektu<\/strong><\/p>\n\n\n\n<p>Zaplanowane w ramach projektu kompleksowe i zindywidualizowane wsparcie, dopasowane do potrzeb grupy docelowej, pozwoli osi\u0105gn\u0105\u0107 efektywno\u015b\u0107 zatrudnieniow\u0105 na poziomie min. 16,7% na ka\u017cd\u0105 grup\u0119 (tj. po 2 osoby z ka\u017cdej edycji) oraz efektywno\u015b\u0107 spo\u0142eczn\u0105 na poziomie 83,33% w ca\u0142ym okresie realizacji projektu (tj. 30 os\u00f3b) w odniesieniu do grupy zagro\u017conej ub\u00f3stwem i wykluczeniem spo\u0142ecznym.<\/p>\n","protected":false},"excerpt":{"rendered":"<p>Tytu\u0142 projektu: Aktywna przemiana Numer projektu: FELD.07.05-IP.01-0102\/23 Czas realizacji projektu: 01.04.2024 \u2013 30.06.2026 Warto\u015b\u0107 projektu (ca\u0142kowity koszt projektu): 1 975 086,18 z\u0142 Dofinansowanie projektu z UE: 1 876 331,87 z\u0142 W ramach projektu zostan\u0105 zrealizowane nast\u0119puj\u0105ce zadania: Zadanie 1. Praca socjalna, doposa\u017cenie, codzienne funkcjonowanie &#8211; zrefundowana zostanie 1\/2 etatu pracownika socjalnego &#8211; wyp\u0142acone zostan\u0105 zasi\u0142ki &hellip; <\/p>\n<p class=\"link-more\"><a href=\"http:\/\/aktywnaprzemiana.projektymcpspabianice.pl\/\" class=\"more-link\">Czytaj dalej<span class=\"screen-reader-text\"> \u201eO projekcie\u201d<\/span><\/a><\/p>\n","protected":false},"author":1,"featured_media":0,"parent":0,"menu_order":0,"comment_status":"closed","ping_status":"closed","template":"","meta":[],"_links":{"self":[{"href":"http:\/\/aktywnaprzemiana.projektymcpspabianice.pl\/index.php\/wp-json\/wp\/v2\/pages\/5"}],"collection":[{"href":"http:\/\/aktywnaprzemiana.projektymcpspabianice.pl\/index.php\/wp-json\/wp\/v2\/pages"}],"about":[{"href":"http:\/\/aktywnaprzemiana.projektymcpspabianice.pl\/index.php\/wp-json\/wp\/v2\/types\/page"}],"author":[{"embeddable":true,"href":"http:\/\/aktywnaprzemiana.projektymcpspabianice.pl\/index.php\/wp-json\/wp\/v2\/users\/1"}],"replies":[{"embeddable":true,"href":"http:\/\/aktywnaprzemiana.projektymcpspabianice.pl\/index.php\/wp-json\/wp\/v2\/comments?post=5"}],"version-history":[{"count":6,"href":"http:\/\/aktywnaprzemiana.projektymcpspabianice.pl\/index.php\/wp-json\/wp\/v2\/pages\/5\/revisions"}],"predecessor-version":[{"id":40,"href":"http:\/\/aktywnaprzemiana.projektymcpspabianice.pl\/index.php\/wp-json\/wp\/v2\/pages\/5\/revisions\/40"}],"wp:attachment":[{"href":"http:\/\/aktywnaprzemiana.projektymcpspabianice.pl\/index.php\/wp-json\/wp\/v2\/media?parent=5"}],"curies":[{"name":"wp","href":"https:\/\/api.w.org\/{rel}","templated":true}]}}