{"id":64,"date":"2025-03-04T10:58:09","date_gmt":"2025-03-04T10:58:09","guid":{"rendered":"http:\/\/aktywnaprzemiana.projektymcpspabianice.pl\/?page_id=64"},"modified":"2025-03-04T11:05:05","modified_gmt":"2025-03-04T11:05:05","slug":"harmonogram-wsparcia-05-2024-03-2025","status":"publish","type":"page","link":"http:\/\/aktywnaprzemiana.projektymcpspabianice.pl\/index.php\/harmonogram-wsparcia-05-2024-03-2025\/","title":{"rendered":"HARMONOGRAM WSPARCIA 05\/2024 \u2013 03\/2025"},"content":{"rendered":"\n<p class=\"has-text-align-left\"><strong>II edycja<\/strong><\/p>\n\n\n\n<p><strong>Zadanie 1 \u2013 praca socjalna, doposa\u017cenie, koszty codziennego funkcjonowania<\/strong><\/p>\n\n\n\n<p>Maj 24 \u2013 Marzec 25 \u2013 rekrutacja uczestnik\u00f3w projektu do I oraz II edycji, podpisanie kontrakt\u00f3w socjalnych, przyznanie decyzj\u0105 zasi\u0142k\u00f3w celowych. Kontynuacja pracy socjalnej w \u015brodowiskach.<\/p>\n\n\n\n<p>Dy\u017cury pracownika socjalnego:<\/p>\n\n\n\n<figure class=\"wp-block-table\"><table><tbody><tr><td><\/td><td class=\"has-text-align-center\" data-align=\"center\">BIURO<\/td><td class=\"has-text-align-center\" data-align=\"center\">TEREN<\/td><\/tr><tr><td>Poniedzia\u0142ek<\/td><td class=\"has-text-align-center\" data-align=\"center\">8<sup>00 <\/sup>\u2013 10<sup>00<\/sup><\/td><td class=\"has-text-align-center\" data-align=\"center\">10<sup>00 <\/sup>\u2013 12<sup>00<\/sup><\/td><\/tr><tr><td>Wtorek<\/td><td class=\"has-text-align-center\" data-align=\"center\">8<sup>00 <\/sup>\u2013 10<sup>00<\/sup><\/td><td class=\"has-text-align-center\" data-align=\"center\">10<sup>00 <\/sup>\u2013 12<sup>00<\/sup><\/td><\/tr><tr><td>\u015aroda<\/td><td class=\"has-text-align-center\" data-align=\"center\">8<sup>00 <\/sup>\u2013 10<sup>00<\/sup><\/td><td class=\"has-text-align-center\" data-align=\"center\">10<sup>00 <\/sup>\u2013 12<sup>00<\/sup><\/td><\/tr><tr><td>Czwartek<\/td><td class=\"has-text-align-center\" data-align=\"center\">8<sup>00 <\/sup>\u2013 10<sup>00<\/sup><\/td><td class=\"has-text-align-center\" data-align=\"center\">10<sup>00 <\/sup>\u2013 12<sup>00<\/sup><\/td><\/tr><tr><td>Pi\u0105tek<\/td><td class=\"has-text-align-center\" data-align=\"center\">8<sup>00 <\/sup>\u2013 10<sup>00<\/sup><\/td><td class=\"has-text-align-center\" data-align=\"center\">10<sup>00 <\/sup>\u2013 12<sup>00<\/sup><\/td><\/tr><\/tbody><\/table><\/figure>\n\n\n\n<p>Pracownik socjalny przyjmuje uczestnik\u00f3w projektu w lokalu w Pabianicach przy ul. Traugutta 2, lok.20.<\/p>\n\n\n\n<p>Maj\/Sierpie\u0144\/Listopad 2024 oraz Luty 2025 \u2013 zakup migawek kwartalnych u\u0142atwiaj\u0105cych uczestnikom projektu dotarcie na zaj\u0119cia.<\/p>\n\n\n\n<p>Maj 24 \u2013 Marzec 25 \u2013 zapewnienie obiad\u00f3w uczestnikom projektu (2x w tygodniu zupa, 3x w tygodniu II danie)<\/p>\n\n\n\n<p>Stycze\u0144 2025 \u2013 zako\u0144czenie kontrakt\u00f3w socjalnych.<\/p>\n\n\n\n<p>Luty 2025 \u2013 podpisanie kontrakt\u00f3w socjalnych do II edycji.<\/p>\n\n\n\n<p><strong>Zadanie 2 \u2013 aktywizacja spo\u0142eczna \u2013 wsparcie uczestnik\u00f3w projektu<\/strong><\/p>\n\n\n\n<p>Maj 24 \u2013 Marzec 25 \u2013 spotkania z instruktorem reintegracji spo\u0142ecznej, zaj\u0119cia grupowe, zaj\u0119cia spo\u0142eczne, konsultacje indywidualne<\/p>\n\n\n\n<p>Dy\u017cury instruktora reintegracji spo\u0142ecznej:<\/p>\n\n\n\n<figure class=\"wp-block-table\"><table><tbody><tr><td>Poniedzia\u0142ek<\/td><td>12<sup>00<\/sup> \u2013 16<sup>00<\/sup><\/td><\/tr><tr><td>Wtorek<\/td><td>12<sup>00<\/sup> \u2013 16<sup>00<\/sup><\/td><\/tr><tr><td>\u015aroda<\/td><td>12<sup>00<\/sup> \u2013 16<sup>00<\/sup><\/td><\/tr><tr><td>Czwartek<\/td><td>12<sup>00<\/sup> \u2013 16<sup>00<\/sup><\/td><\/tr><tr><td>Pi\u0105tek<\/td><td>12<sup>00<\/sup> \u2013 16<sup>00<\/sup><\/td><\/tr><\/tbody><\/table><\/figure>\n\n\n\n<p>Instruktor reintegracji spo\u0142ecznej przyjmuje uczestnik\u00f3w projektu w lokalu w Pabianicach przy ul. Traugutta 2, lok.20.<\/p>\n\n\n\n<p>Warsztaty\/szkolenia mi\u0119kkie:<\/p>\n\n\n\n<ul>\n<li>Savoir vivre: I edycja 21 \u2013 22.05.2024\/ II edycja 13 \u2013 14.02.2025<\/li>\n\n\n\n<li>Zdrowy tryb \u017cycia: I edycja 27 \u2013 28.05.2024\/ II edycja 11 \u2013 12.02.2025<\/li>\n\n\n\n<li>Profilaktyka zachowa\u0144 ryzykowanych: I edycja 04 \u2013 05.06.2024\/ II edycja 11.02.i 21.02.2025<\/li>\n\n\n\n<li>Zarz\u0105dzanie bud\u017cetem domowym: I edycja 20 \u2013 21.06.2024\/ II edycja 19 \u2013 20.02.2025<\/li>\n<\/ul>\n\n\n\n<p><strong>Dy\u017cury specjalist\u00f3w:<\/strong><\/p>\n\n\n\n<p><strong>Psycholog<\/strong><\/p>\n\n\n\n<ul>\n<li>23.05.2024 godz.14.00 \u2013 20.00<\/li>\n\n\n\n<li>22.05.2024 godz. 14.00 \u2013 16.00<\/li>\n\n\n\n<li>13.06.2024 godz. 14.00 \u2013 20.00<\/li>\n\n\n\n<li>19.06.2024 godz. 14.00 \u2013 16.00<\/li>\n\n\n\n<li>17.07.2024 godz. 14.00 \u2013 16.00<\/li>\n\n\n\n<li>18.07.2024 godz. 14.00 \u2013 20.00<\/li>\n\n\n\n<li>07.08.2024 godz. 14.00 \u2013 16.00<\/li>\n\n\n\n<li>08.08.2024 godz. 14.00 \u2013 20.00<\/li>\n\n\n\n<li>18.09.2024 godz. 16.00 \u2013 20.00<\/li>\n\n\n\n<li>25.09.2024 godz. 16.00 \u2013 20.00<\/li>\n\n\n\n<li>24.10.2024 godz. 16.00 \u2013 20.00<\/li>\n\n\n\n<li>29.10.2024 godz. 16.00 \u2013 20.00<\/li>\n\n\n\n<li>14.11.2024 godz. 16.00 \u2013 20.00<\/li>\n\n\n\n<li>29.11.2024 godz. 16.00 \u2013 20.00<\/li>\n\n\n\n<li>12.12.2024 godz. 16.00 \u2013 20.00<\/li>\n\n\n\n<li>19.12.2024 godz. 16.00 \u2013 20.00<\/li>\n\n\n\n<li>09.01.2025 godz. 16.00 \u2013 20.00<\/li>\n\n\n\n<li>23.01.2025 godz. 16.00 \u2013 20.00<\/li>\n\n\n\n<li>20.02.2025 godz. 14.00 \u2013 18.00<\/li>\n\n\n\n<li>21.02.2025 godz. 14.00 \u2013 18.00<\/li>\n\n\n\n<li>14.03.2025 godz. 14.00 \u2013 18.00<\/li>\n\n\n\n<li>20.03.2025 godz. 14.00 \u2013 18.00<\/li>\n<\/ul>\n\n\n\n<p><strong>Prawnik<\/strong><\/p>\n\n\n\n<ul>\n<li>27.05.2024 godz. 15.00 \u2013 19.00<\/li>\n\n\n\n<li>17.06.2024 godz. 15.00 \u2013 19.00<\/li>\n\n\n\n<li>08.07.2024 godz. 16.00 \u2013 20.00<\/li>\n\n\n\n<li>05.08.2024 godz. 16.00 \u2013 20.00<\/li>\n\n\n\n<li>02.09.2024 godz. 16.00 \u2013 20.00<\/li>\n\n\n\n<li>14.10.2024 godz. 16.00 \u2013 20.00<\/li>\n\n\n\n<li>25.11.2024 godz. 16.00 \u2013 20.00<\/li>\n\n\n\n<li>09.12.2024 godz. 16.00 \u2013 20.00<\/li>\n\n\n\n<li>13.01.2025 godz. 16.00 \u2013 20.00<\/li>\n\n\n\n<li>10.02.2025 godz. 16.00 \u2013 20.00<\/li>\n\n\n\n<li>17.03.2025 godz. 16.00 \u2013 20.00<\/li>\n<\/ul>\n\n\n\n<p><strong>Terapeuta ds. uzale\u017cnie\u0144<\/strong><\/p>\n\n\n\n<ul>\n<li>24.05.2024 godz. 16.00 \u2013 18.00<\/li>\n\n\n\n<li>28.05.2024 godz. 16.00 \u2013 20.00<\/li>\n\n\n\n<li>04.06.2024 godz. 16.00 \u2013 20.00<\/li>\n\n\n\n<li>18.06.2024 godz. 16.00 \u2013 18.00<\/li>\n\n\n\n<li>16.07.2024 godz. 16.00 \u2013 20.00<\/li>\n\n\n\n<li>30.07.2024 godz. 16.00 \u2013 18.00<\/li>\n\n\n\n<li>13.08.2024 godz. 16.00 \u2013 20.00<\/li>\n\n\n\n<li>27.08.2024 godz. 16.00 \u2013 20.00<\/li>\n\n\n\n<li>03.09.2024 godz. 16.00 \u2013 18.00<\/li>\n\n\n\n<li>17.09.2024 godz. 16.00 \u2013 20.00<\/li>\n\n\n\n<li>15.10.2024 godz. 16.00 \u2013 20.00<\/li>\n\n\n\n<li>29.10.2024 godz. 16.00 \u2013 18.00<\/li>\n\n\n\n<li>12.11.2024 godz. 16.00 \u2013 20.00<\/li>\n\n\n\n<li>26.11.2024 godz. 16.00 \u2013 18.00<\/li>\n\n\n\n<li>03.12.2024 godz. 16.00 \u2013 20.00<\/li>\n\n\n\n<li>17.12.2024 godz. 16.00 \u2013 18.00<\/li>\n\n\n\n<li>14.01.2025 godz. 16.00 \u2013 20.00<\/li>\n\n\n\n<li>21.01.2025 godz. 16.00 \u2013 18.00<\/li>\n\n\n\n<li>18.02.2025 godz. 16.00 \u2013 20.00<\/li>\n\n\n\n<li>25.02.2025 godz. 16.00 \u2013 18.00<\/li>\n\n\n\n<li>28.03.2025 godz. 14.00 \u2013 20.00<\/li>\n<\/ul>\n\n\n\n<p>Specjali\u015bci przyjmuj\u0105 uczestnik\u00f3w projektu w lokalu w Pabianicach przy ul. Traugutta 2, lok.20.<\/p>\n\n\n\n<p><strong>Kurs komputerowy ECDL<\/strong><\/p>\n\n\n\n<ul>\n<li>10.06.2024 \u2013 26.07.2024 \u2013 I edycja<\/li>\n\n\n\n<li>24.02 \u2013 04.04.2025 \u2013 II edycja<\/li>\n<\/ul>\n\n\n\n<p>Kurs odby\u0142 si\u0119 w lokalu w Pabianicach przy ul. Traugutta 2, lok.20.<\/p>\n\n\n\n<p><strong>Zadanie 3 \u2013 aktywizacja spo\u0142eczna \u2013 dzia\u0142ania na rzecz uczestnik\u00f3w z otoczeniem<\/strong><\/p>\n\n\n\n<p><strong>Wyjazd integracyjno \u2013 szkoleniowy:<\/strong><\/p>\n\n\n\n<ul>\n<li>23 \u2013 29.06.2024 \u2013 miejscowo\u015b\u0107: Ch\u0142apowo; udzia\u0142 12 uczestnik\u00f3w projektu, 15 os\u00f3b z otoczenia oraz 3 os\u00f3b z kadry \u2013 I edycja<\/li>\n\n\n\n<li>post\u0119powanie dotycz\u0105ce wyjazdu dla II edycji w trakcie realizacji. Planowany termin 06 \u2013 12.04.2025 do miejscowo\u015bci: Toru\u0144.<\/li>\n<\/ul>\n\n\n\n<p><strong>Wyj\u015bcia kulturalne:<\/strong><\/p>\n\n\n\n<ul>\n<li>24.05.2024 \u2013 pokaz multimedialny \u201cIskry Niepodleg\u0142ej\u201d<\/li>\n\n\n\n<li>13.06.2024 \u2013 Muzeum Miasta Pabianic (ul. Stary Rynek 1) &#8211; wystawa \u201cDyskretny urok meblo\u015bcianki\u201d<\/li>\n\n\n\n<li>02.08.2024 \u2013 wyj\u015bcie do kina Helios (ul. Grobelna 8) \u201eMinionki\u201d<\/li>\n\n\n\n<li>22.09.2024 \u2013 wyj\u015bcie do Miejskiego O\u015brodka Kultury (ul. Ko\u015bciuszki 14) na spektakl teatralny \u201e\u017bona do adopcji\u201d<\/li>\n\n\n\n<li>10.11.2024 \u2013 wyj\u015bcie na spektakl \u201eO ma\u0142o co\u2026\u201d do sali koncertowej Pawelana w kompleksie Fabryka We\u0142ny (ul. Grobelna 4)<\/li>\n\n\n\n<li>05.12.2024 \u2013 warsztaty \u015bwi\u0105teczno \u2013 florystyczne dla uczestnik\u00f3w projektu po\u0142\u0105czone z tradycj\u0105 miko\u0142ajek (w lokalu w Pabianicach przy ul. Traugutta 2, lok.20.)<\/li>\n\n\n\n<li>16.02.2025 wyj\u015bcie na spektakl \u201eWyj\u015bcie awaryjne\u201d do sali koncertowej Pawelana w kompleksie Fabryka We\u0142ny (ul. Grobelna 4)<\/li>\n\n\n\n<li>23.03.2025 wyj\u015bcie na spektakl \u201eOstra jazda\u201d do sali koncertowej Pawelana w kompleksie Fabryka We\u0142ny (ul. Grobelna 4)<\/li>\n<\/ul>\n\n\n\n<p>20.12.2024 &#8211; Spotkanie \u015bwi\u0105teczne dla Uczestnik\u00f3w Projektu wraz z otoczeniem oraz kadr\u0105 projektu. Spotkanie odb\u0119dzie si\u0119 w lokalu w Pabianicach przy ul. Traugutta 2, lok.20.<br>17.04.2025 &#8211; Planowane spotkanie \u015bwi\u0105teczne dla Uczestnik\u00f3w Projektu II edycji wraz z otoczeniem oraz kadr\u0105 projektu. Spotkanie odb\u0119dzie si\u0119 w lokalu w Pabianicach przy ul. Traugutta 2, lok.20.<\/p>\n\n\n\n<ul><\/ul>\n\n\n\n<p><strong>Zadanie 4 \u2013 aktywizacja zawodowa \u2013 szkolenia i doradztwo zawodowe<\/strong><\/p>\n\n\n\n<p>06.05.2024 &#8211; uruchomienie programu prac spo\u0142ecznie u\u017cytecznych dla 12 uczestnik\u00f3w projektu; wyp\u0142ata (przelewem na wskazane konto) \u015bwiadcze\u0144 za wykonane PSU \u2013 I edycja<br>04.02.2025 &#8211; uruchomienie programu prac spo\u0142ecznie u\u017cytecznych dla 14 uczestnik\u00f3w projektu; wyp\u0142ata (przelewem na wskazane konto) \u015bwiadcze\u0144 za wykonane PSU \u2013 II edycja<\/p>\n\n\n\n<p>19.08.2024 \u2013 zako\u0144czenie programu prac spo\u0142ecznie u\u017cytecznych dla 12 uczestnik\u00f3w projektu.<br>Szkolenia zawodowe:<\/p>\n\n\n\n<ul>\n<li>12 \u2013 17.08.2024 \u2013 szkolenie z zakresu podstaw ksi\u0119gowo\u015bci<\/li>\n\n\n\n<li>12 \u2013 19.08.2024 \u2013 szkolenie z zakresu sprz\u0105tania<\/li>\n\n\n\n<li>09 \u2013 20.09.2024 &#8211; szkolenie z zakresu piel\u0119gnacji teren\u00f3w zielonych<\/li>\n\n\n\n<li>23 \u2013 27.09.2024 \u2013 szkolenie z zakresu obs\u0142ugi kas fiskalnych<\/li>\n<\/ul>\n\n\n\n<p>Wszystkie szkolenia odby\u0142y si\u0119 w lokalu w Pabianicach przy ul. Traugutta 2, lok.20.<\/p>\n\n\n\n<p><strong>Zadanie 4 \u2013 aktywizacja zawodowa \u2013 sta\u017ce<\/strong><\/p>\n\n\n\n<p>19.08.2024 \u2013 uruchomienie sta\u017cy zawodowych dla 12 uczestnik\u00f3w projektu w 9 podmiotach<br>Sierpie\u0144 &#8211; Wykonanie bada\u0144 lekarskich sta\u017cyst\u00f3w oraz przeprowadzenie szkolenia z zakresu BHP; zakup odzie\u017cy ochronnej.<br>31.01.2025 \u2013 zako\u0144czenie sta\u017cu zawodowego<\/p>\n","protected":false},"excerpt":{"rendered":"<p>II edycja Zadanie 1 \u2013 praca socjalna, doposa\u017cenie, koszty codziennego funkcjonowania Maj 24 \u2013 Marzec 25 \u2013 rekrutacja uczestnik\u00f3w projektu do I oraz II edycji, podpisanie kontrakt\u00f3w socjalnych, przyznanie decyzj\u0105 zasi\u0142k\u00f3w celowych. Kontynuacja pracy socjalnej w \u015brodowiskach. Dy\u017cury pracownika socjalnego: BIURO TEREN Poniedzia\u0142ek 800 \u2013 1000 1000 \u2013 1200 Wtorek 800 \u2013 1000 1000 \u2013 &hellip; <\/p>\n<p class=\"link-more\"><a href=\"http:\/\/aktywnaprzemiana.projektymcpspabianice.pl\/index.php\/harmonogram-wsparcia-05-2024-03-2025\/\" class=\"more-link\">Czytaj dalej<span class=\"screen-reader-text\"> \u201eHARMONOGRAM WSPARCIA 05\/2024 \u2013 03\/2025\u201d<\/span><\/a><\/p>\n","protected":false},"author":1,"featured_media":0,"parent":0,"menu_order":0,"comment_status":"closed","ping_status":"closed","template":"","meta":[],"_links":{"self":[{"href":"http:\/\/aktywnaprzemiana.projektymcpspabianice.pl\/index.php\/wp-json\/wp\/v2\/pages\/64"}],"collection":[{"href":"http:\/\/aktywnaprzemiana.projektymcpspabianice.pl\/index.php\/wp-json\/wp\/v2\/pages"}],"about":[{"href":"http:\/\/aktywnaprzemiana.projektymcpspabianice.pl\/index.php\/wp-json\/wp\/v2\/types\/page"}],"author":[{"embeddable":true,"href":"http:\/\/aktywnaprzemiana.projektymcpspabianice.pl\/index.php\/wp-json\/wp\/v2\/users\/1"}],"replies":[{"embeddable":true,"href":"http:\/\/aktywnaprzemiana.projektymcpspabianice.pl\/index.php\/wp-json\/wp\/v2\/comments?post=64"}],"version-history":[{"count":3,"href":"http:\/\/aktywnaprzemiana.projektymcpspabianice.pl\/index.php\/wp-json\/wp\/v2\/pages\/64\/revisions"}],"predecessor-version":[{"id":68,"href":"http:\/\/aktywnaprzemiana.projektymcpspabianice.pl\/index.php\/wp-json\/wp\/v2\/pages\/64\/revisions\/68"}],"wp:attachment":[{"href":"http:\/\/aktywnaprzemiana.projektymcpspabianice.pl\/index.php\/wp-json\/wp\/v2\/media?parent=64"}],"curies":[{"name":"wp","href":"https:\/\/api.w.org\/{rel}","templated":true}]}}